{"id":114,"date":"2020-10-08T09:57:36","date_gmt":"2020-10-08T07:57:36","guid":{"rendered":"https:\/\/monatax.pl\/?page_id=114"},"modified":"2023-08-09T12:55:23","modified_gmt":"2023-08-09T10:55:23","slug":"kontakt","status":"publish","type":"page","link":"https:\/\/monatax.pl\/index.php\/kontakt\/","title":{"rendered":"Kontakt"},"content":{"rendered":"\t\t<div data-elementor-type=\"wp-page\" data-elementor-id=\"114\" class=\"elementor elementor-114\">\n\t\t\t\t\t\t\t\t\t<section class=\"elementor-section elementor-top-section elementor-element elementor-element-331e7081 elementor-section-boxed elementor-section-height-default elementor-section-height-default\" data-id=\"331e7081\" data-element_type=\"section\">\n\t\t\t\t\t\t<div class=\"elementor-container elementor-column-gap-default\">\n\t\t\t\t\t<div class=\"elementor-column elementor-col-100 elementor-top-column elementor-element elementor-element-48c0b343\" data-id=\"48c0b343\" data-element_type=\"column\">\n\t\t\t<div class=\"elementor-widget-wrap elementor-element-populated\">\n\t\t\t\t\t\t\t\t<div class=\"elementor-element elementor-element-596412cc elementor-widget elementor-widget-text-editor\" data-id=\"596412cc\" data-element_type=\"widget\" data-widget_type=\"text-editor.default\">\n\t\t\t\t<div class=\"elementor-widget-container\">\n\t\t\t\t\t\t\t<p><!-- wp:paragraph {\"align\":\"center\"} --><\/p>\n<p class=\"has-text-align-center\">ul. Modli\u0144ska 110\/1A, 05-110 Jab\u0142onna<\/p>\n<p><!-- \/wp:paragraph --><\/p>\n<p><!-- wp:paragraph {\"align\":\"center\"} --><\/p>\n<p class=\"has-text-align-center\">tel. 796-190-909<\/p>\n<p><!-- \/wp:paragraph --><\/p>\n<p><!-- wp:paragraph {\"align\":\"center\"} --><\/p>\n<p class=\"has-text-align-center\">biuro@monatax.pl<\/p>\n<p><!-- \/wp:paragraph --><\/p>\t\t\t\t\t\t<\/div>\n\t\t\t\t<\/div>\n\t\t\t\t<div class=\"elementor-element elementor-element-1e47e40 elementor-widget elementor-widget-google_maps\" data-id=\"1e47e40\" data-element_type=\"widget\" data-widget_type=\"google_maps.default\">\n\t\t\t\t<div class=\"elementor-widget-container\">\n\t\t\t\t\t<div class=\"elementor-custom-embed\">\n\t\t\t<iframe loading=\"lazy\"\n\t\t\t\t\tsrc=\"https:\/\/maps.google.com\/maps?q=Mona%20tax&#038;t=m&#038;z=10&#038;output=embed&#038;iwloc=near\"\n\t\t\t\t\ttitle=\"Mona tax\"\n\t\t\t\t\taria-label=\"Mona tax\"\n\t\t\t><\/iframe>\n\t\t<\/div>\n\t\t\t\t<\/div>\n\t\t\t\t<\/div>\n\t\t\t\t<div class=\"elementor-element elementor-element-c3da0a3 elementor-widget elementor-widget-spacer\" data-id=\"c3da0a3\" data-element_type=\"widget\" data-widget_type=\"spacer.default\">\n\t\t\t\t<div class=\"elementor-widget-container\">\n\t\t\t\t\t<div class=\"elementor-spacer\">\n\t\t\t<div class=\"elementor-spacer-inner\"><\/div>\n\t\t<\/div>\n\t\t\t\t<\/div>\n\t\t\t\t<\/div>\n\t\t\t\t<div class=\"elementor-element elementor-element-af5db04 elementor-widget elementor-widget-text-editor\" data-id=\"af5db04\" data-element_type=\"widget\" data-widget_type=\"text-editor.default\">\n\t\t\t\t<div class=\"elementor-widget-container\">\n\t\t\t\t\t\t\t<p><strong>Znajd\u017a Nas<\/strong><\/p>\t\t\t\t\t\t<\/div>\n\t\t\t\t<\/div>\n\t\t\t\t<div class=\"elementor-element elementor-element-71fe271 elementor-view-default elementor-widget elementor-widget-icon\" data-id=\"71fe271\" data-element_type=\"widget\" data-widget_type=\"icon.default\">\n\t\t\t\t<div class=\"elementor-widget-container\">\n\t\t\t\t\t<div class=\"elementor-icon-wrapper\">\n\t\t\t<a class=\"elementor-icon\" href=\"https:\/\/www.facebook.com\/zdalna.ksiegowosc\/\">\n\t\t\t<i aria-hidden=\"true\" class=\"fab fa-facebook-square\"><\/i>\t\t\t<\/a>\n\t\t<\/div>\n\t\t\t\t<\/div>\n\t\t\t\t<\/div>\n\t\t\t\t<div class=\"elementor-element elementor-element-91399f7 elementor-view-default elementor-widget elementor-widget-icon\" data-id=\"91399f7\" data-element_type=\"widget\" data-widget_type=\"icon.default\">\n\t\t\t\t<div class=\"elementor-widget-container\">\n\t\t\t\t\t<div class=\"elementor-icon-wrapper\">\n\t\t\t<a class=\"elementor-icon\" href=\"https:\/\/pl.linkedin.com\/company\/monatax?trk=public_profile_topcard_current_company\">\n\t\t\t<i aria-hidden=\"true\" class=\"fab fa-linkedin\"><\/i>\t\t\t<\/a>\n\t\t<\/div>\n\t\t\t\t<\/div>\n\t\t\t\t<\/div>\n\t\t\t\t\t<\/div>\n\t\t<\/div>\n\t\t\t\t\t\t\t<\/div>\n\t\t<\/section>\n\t\t\t\t\t\t\t<\/div>\n\t\t","protected":false},"excerpt":{"rendered":"<p>ul. Modli\u0144ska 110\/1A, 05-110 Jab\u0142onna tel. 796-190-909 biuro@monatax.pl Znajd\u017a Nas<\/p>\n","protected":false},"author":1,"featured_media":0,"parent":0,"menu_order":0,"comment_status":"closed","ping_status":"closed","template":"","meta":{"footnotes":""},"yoast_head":"<!-- This site is optimized with the Yoast SEO plugin v21.3 - https:\/\/yoast.com\/wordpress\/plugins\/seo\/ -->\n<title>Kontakt - monatax<\/title>\n<meta name=\"description\" content=\"Us\u0142ugi ksi\u0119gowe Jab\u0142onna, Warszawa, Legionowo, Polska. Zadzwo\u0144 i poznaj Nasz\u0105 ofert\u0119 dla Twojej firmy. Tel. 796190909\" \/>\n<meta name=\"robots\" content=\"index, follow, max-snippet:-1, max-image-preview:large, max-video-preview:-1\" \/>\n<link rel=\"canonical\" href=\"https:\/\/monatax.pl\/index.php\/kontakt\/\" \/>\n<meta property=\"og:locale\" content=\"pl_PL\" \/>\n<meta property=\"og:type\" content=\"article\" \/>\n<meta property=\"og:title\" content=\"Kontakt - monatax\" \/>\n<meta property=\"og:description\" content=\"Us\u0142ugi ksi\u0119gowe Jab\u0142onna, Warszawa, Legionowo, Polska. Zadzwo\u0144 i poznaj Nasz\u0105 ofert\u0119 dla Twojej firmy. Tel. 796190909\" \/>\n<meta property=\"og:url\" content=\"https:\/\/monatax.pl\/index.php\/kontakt\/\" \/>\n<meta property=\"og:site_name\" content=\"monatax\" \/>\n<meta property=\"article:modified_time\" content=\"2023-08-09T10:55:23+00:00\" \/>\n<meta name=\"twitter:card\" content=\"summary_large_image\" \/>\n<meta name=\"twitter:label1\" content=\"Szacowany czas czytania\" \/>\n\t<meta name=\"twitter:data1\" content=\"1 minuta\" \/>\n<script type=\"application\/ld+json\" class=\"yoast-schema-graph\">{\"@context\":\"https:\/\/schema.org\",\"@graph\":[{\"@type\":\"WebPage\",\"@id\":\"https:\/\/monatax.pl\/index.php\/kontakt\/\",\"url\":\"https:\/\/monatax.pl\/index.php\/kontakt\/\",\"name\":\"Kontakt - monatax\",\"isPartOf\":{\"@id\":\"https:\/\/monatax.pl\/#website\"},\"datePublished\":\"2020-10-08T07:57:36+00:00\",\"dateModified\":\"2023-08-09T10:55:23+00:00\",\"description\":\"Us\u0142ugi ksi\u0119gowe Jab\u0142onna, Warszawa, Legionowo, Polska. Zadzwo\u0144 i poznaj Nasz\u0105 ofert\u0119 dla Twojej firmy. Tel. 796190909\",\"breadcrumb\":{\"@id\":\"https:\/\/monatax.pl\/index.php\/kontakt\/#breadcrumb\"},\"inLanguage\":\"pl-PL\",\"potentialAction\":[{\"@type\":\"ReadAction\",\"target\":[\"https:\/\/monatax.pl\/index.php\/kontakt\/\"]}]},{\"@type\":\"BreadcrumbList\",\"@id\":\"https:\/\/monatax.pl\/index.php\/kontakt\/#breadcrumb\",\"itemListElement\":[{\"@type\":\"ListItem\",\"position\":1,\"name\":\"Strona g\u0142\u00f3wna\",\"item\":\"https:\/\/monatax.pl\/\"},{\"@type\":\"ListItem\",\"position\":2,\"name\":\"Kontakt\"}]},{\"@type\":\"WebSite\",\"@id\":\"https:\/\/monatax.pl\/#website\",\"url\":\"https:\/\/monatax.pl\/\",\"name\":\"monatax\",\"description\":\"Us\u0142ugi ksi\u0119gowe, biuro rachunkowe, sprawozdania finansowe\",\"publisher\":{\"@id\":\"https:\/\/monatax.pl\/#organization\"},\"potentialAction\":[{\"@type\":\"SearchAction\",\"target\":{\"@type\":\"EntryPoint\",\"urlTemplate\":\"https:\/\/monatax.pl\/?s={search_term_string}\"},\"query-input\":\"required name=search_term_string\"}],\"inLanguage\":\"pl-PL\"},{\"@type\":\"Organization\",\"@id\":\"https:\/\/monatax.pl\/#organization\",\"name\":\"Mona Tax Us\u0142ugi ksi\u0119gowo-szkoleniowe Monika Wojtasik\",\"url\":\"https:\/\/monatax.pl\/\",\"logo\":{\"@type\":\"ImageObject\",\"inLanguage\":\"pl-PL\",\"@id\":\"https:\/\/monatax.pl\/#\/schema\/logo\/image\/\",\"url\":\"https:\/\/monatax.pl\/wp-content\/uploads\/2020\/10\/logo3.png\",\"contentUrl\":\"https:\/\/monatax.pl\/wp-content\/uploads\/2020\/10\/logo3.png\",\"width\":603,\"height\":225,\"caption\":\"Mona Tax Us\u0142ugi ksi\u0119gowo-szkoleniowe Monika Wojtasik\"},\"image\":{\"@id\":\"https:\/\/monatax.pl\/#\/schema\/logo\/image\/\"}}]}<\/script>\n<!-- \/ Yoast SEO plugin. -->","yoast_head_json":{"title":"Kontakt - monatax","description":"Us\u0142ugi ksi\u0119gowe Jab\u0142onna, Warszawa, Legionowo, Polska. Zadzwo\u0144 i poznaj Nasz\u0105 ofert\u0119 dla Twojej firmy. Tel. 796190909","robots":{"index":"index","follow":"follow","max-snippet":"max-snippet:-1","max-image-preview":"max-image-preview:large","max-video-preview":"max-video-preview:-1"},"canonical":"https:\/\/monatax.pl\/index.php\/kontakt\/","og_locale":"pl_PL","og_type":"article","og_title":"Kontakt - monatax","og_description":"Us\u0142ugi ksi\u0119gowe Jab\u0142onna, Warszawa, Legionowo, Polska. Zadzwo\u0144 i poznaj Nasz\u0105 ofert\u0119 dla Twojej firmy. Tel. 796190909","og_url":"https:\/\/monatax.pl\/index.php\/kontakt\/","og_site_name":"monatax","article_modified_time":"2023-08-09T10:55:23+00:00","twitter_card":"summary_large_image","twitter_misc":{"Szacowany czas czytania":"1 minuta"},"schema":{"@context":"https:\/\/schema.org","@graph":[{"@type":"WebPage","@id":"https:\/\/monatax.pl\/index.php\/kontakt\/","url":"https:\/\/monatax.pl\/index.php\/kontakt\/","name":"Kontakt - monatax","isPartOf":{"@id":"https:\/\/monatax.pl\/#website"},"datePublished":"2020-10-08T07:57:36+00:00","dateModified":"2023-08-09T10:55:23+00:00","description":"Us\u0142ugi ksi\u0119gowe Jab\u0142onna, Warszawa, Legionowo, Polska. Zadzwo\u0144 i poznaj Nasz\u0105 ofert\u0119 dla Twojej firmy. Tel. 796190909","breadcrumb":{"@id":"https:\/\/monatax.pl\/index.php\/kontakt\/#breadcrumb"},"inLanguage":"pl-PL","potentialAction":[{"@type":"ReadAction","target":["https:\/\/monatax.pl\/index.php\/kontakt\/"]}]},{"@type":"BreadcrumbList","@id":"https:\/\/monatax.pl\/index.php\/kontakt\/#breadcrumb","itemListElement":[{"@type":"ListItem","position":1,"name":"Strona g\u0142\u00f3wna","item":"https:\/\/monatax.pl\/"},{"@type":"ListItem","position":2,"name":"Kontakt"}]},{"@type":"WebSite","@id":"https:\/\/monatax.pl\/#website","url":"https:\/\/monatax.pl\/","name":"monatax","description":"Us\u0142ugi ksi\u0119gowe, biuro rachunkowe, sprawozdania finansowe","publisher":{"@id":"https:\/\/monatax.pl\/#organization"},"potentialAction":[{"@type":"SearchAction","target":{"@type":"EntryPoint","urlTemplate":"https:\/\/monatax.pl\/?s={search_term_string}"},"query-input":"required name=search_term_string"}],"inLanguage":"pl-PL"},{"@type":"Organization","@id":"https:\/\/monatax.pl\/#organization","name":"Mona Tax Us\u0142ugi ksi\u0119gowo-szkoleniowe Monika Wojtasik","url":"https:\/\/monatax.pl\/","logo":{"@type":"ImageObject","inLanguage":"pl-PL","@id":"https:\/\/monatax.pl\/#\/schema\/logo\/image\/","url":"https:\/\/monatax.pl\/wp-content\/uploads\/2020\/10\/logo3.png","contentUrl":"https:\/\/monatax.pl\/wp-content\/uploads\/2020\/10\/logo3.png","width":603,"height":225,"caption":"Mona Tax Us\u0142ugi ksi\u0119gowo-szkoleniowe Monika Wojtasik"},"image":{"@id":"https:\/\/monatax.pl\/#\/schema\/logo\/image\/"}}]}},"_links":{"self":[{"href":"https:\/\/monatax.pl\/index.php\/wp-json\/wp\/v2\/pages\/114"}],"collection":[{"href":"https:\/\/monatax.pl\/index.php\/wp-json\/wp\/v2\/pages"}],"about":[{"href":"https:\/\/monatax.pl\/index.php\/wp-json\/wp\/v2\/types\/page"}],"author":[{"embeddable":true,"href":"https:\/\/monatax.pl\/index.php\/wp-json\/wp\/v2\/users\/1"}],"replies":[{"embeddable":true,"href":"https:\/\/monatax.pl\/index.php\/wp-json\/wp\/v2\/comments?post=114"}],"version-history":[{"count":9,"href":"https:\/\/monatax.pl\/index.php\/wp-json\/wp\/v2\/pages\/114\/revisions"}],"predecessor-version":[{"id":181,"href":"https:\/\/monatax.pl\/index.php\/wp-json\/wp\/v2\/pages\/114\/revisions\/181"}],"wp:attachment":[{"href":"https:\/\/monatax.pl\/index.php\/wp-json\/wp\/v2\/media?parent=114"}],"curies":[{"name":"wp","href":"https:\/\/api.w.org\/{rel}","templated":true}]}}