{"id":18,"date":"2020-10-07T08:09:00","date_gmt":"2020-10-07T06:09:00","guid":{"rendered":"http:\/\/monatax.pl\/?page_id=18"},"modified":"2023-08-09T13:03:12","modified_gmt":"2023-08-09T11:03:12","slug":"mona-tax-uslugi-ksiegowo-szkoleniowe-monika-wojtasik","status":"publish","type":"page","link":"https:\/\/monatax.pl\/","title":{"rendered":"Mona Tax Us\u0142ugi ksi\u0119gowo-szkoleniowe"},"content":{"rendered":"\t\t<div data-elementor-type=\"wp-post\" data-elementor-id=\"18\" class=\"elementor elementor-18\">\n\t\t\t\t\t\t\t\t\t<section class=\"elementor-section elementor-top-section elementor-element elementor-element-674b18b8 elementor-section-stretched elementor-section-boxed elementor-section-height-default elementor-section-height-default\" data-id=\"674b18b8\" data-element_type=\"section\" data-settings=\"{&quot;background_background&quot;:&quot;gradient&quot;,&quot;stretch_section&quot;:&quot;section-stretched&quot;}\">\n\t\t\t\t\t\t\t<div class=\"elementor-background-overlay\"><\/div>\n\t\t\t\t\t\t\t<div class=\"elementor-container elementor-column-gap-default\">\n\t\t\t\t\t<div class=\"elementor-column elementor-col-100 elementor-top-column elementor-element elementor-element-31985b05\" data-id=\"31985b05\" data-element_type=\"column\">\n\t\t\t<div class=\"elementor-widget-wrap elementor-element-populated\">\n\t\t\t\t\t\t\t\t<div class=\"elementor-element elementor-element-520a4942 elementor-widget elementor-widget-heading\" data-id=\"520a4942\" data-element_type=\"widget\" data-widget_type=\"heading.default\">\n\t\t\t\t<div class=\"elementor-widget-container\">\n\t\t\t<h2 class=\"elementor-heading-title elementor-size-default\"><b>Powierz Nam<br><\/b>Prowadzenie Ksi\u0119gowo\u015bci Twojej firmy<\/h2>\t\t<\/div>\n\t\t\t\t<\/div>\n\t\t\t\t<div class=\"elementor-element elementor-element-5aab50de elementor-widget elementor-widget-text-editor\" data-id=\"5aab50de\" data-element_type=\"widget\" data-widget_type=\"text-editor.default\">\n\t\t\t\t<div class=\"elementor-widget-container\">\n\t\t\t\t\t\t\t<p>Oferujemy Pa\u0144stwu szeroki zakres us\u0142ug ksi\u0119gowych, zar\u00f3wno prowadz\u0105c pe\u0142ne ksi\u0119gi rachunkowe jak i uproszczone formy podatkowe.<\/p><p>Zajmujemy si\u0119 wszystkimi aspektami rachunkowo\u015bci firm i zapewniamy obs\u0142ug\u0119 kadrowo-p\u0142acow\u0105.<\/p><p>Proponujemy swoj\u0105 pomoc zar\u00f3wno przedsi\u0119biorcom od lat dzia\u0142aj\u0105cym na rynku, jak i nowym firmom, m.in. przy ich rejestracji.<\/p>\t\t\t\t\t\t<\/div>\n\t\t\t\t<\/div>\n\t\t\t\t<div class=\"elementor-element elementor-element-8357c55 elementor-widget elementor-widget-text-editor\" data-id=\"8357c55\" data-element_type=\"widget\" data-widget_type=\"text-editor.default\">\n\t\t\t\t<div class=\"elementor-widget-container\">\n\t\t\t\t\t\t\t<p>W ramach naszych us\u0142ug oferujemy mi\u0119dzy innymi:<\/p><ul><li>Prowadzenie pe\u0142nej ksi\u0119gowo\u015bci &#8211; Ksi\u0119gi Handlowe<\/li><li>Prowadzenie Podatkowej Ksi\u0119gi Przychod\u00f3w i Rozchod\u00f3w<\/li><li>Kadry i p\u0142ace, czyli naliczanie wynagrodze\u0144 i prowadzenie akt osobowych<\/li><li>Pomoc w za\u0142o\u017ceniu jednoosobowej dzia\u0142alno\u015bci gospodarczej<\/li><li>Sporz\u0105dzanie rocznych sprawozda\u0144 finansowych<\/li><li>Odbi\u00f3r dokument\u00f3w od klienta<\/li><\/ul><p>\u00a0<\/p>\t\t\t\t\t\t<\/div>\n\t\t\t\t<\/div>\n\t\t\t\t<div class=\"elementor-element elementor-element-ba2ed3f elementor-widget elementor-widget-text-editor\" data-id=\"ba2ed3f\" data-element_type=\"widget\" data-widget_type=\"text-editor.default\">\n\t\t\t\t<div class=\"elementor-widget-container\">\n\t\t\t\t\t\t\t<p><strong>Kontakt<\/strong><\/p>\t\t\t\t\t\t<\/div>\n\t\t\t\t<\/div>\n\t\t\t\t<div class=\"elementor-element elementor-element-6a8394a elementor-view-default elementor-widget elementor-widget-icon\" data-id=\"6a8394a\" data-element_type=\"widget\" data-widget_type=\"icon.default\">\n\t\t\t\t<div class=\"elementor-widget-container\">\n\t\t\t\t\t<div class=\"elementor-icon-wrapper\">\n\t\t\t<a class=\"elementor-icon\" href=\"https:\/\/monatax.pl\/index.php\/kontakt\/\">\n\t\t\t<i aria-hidden=\"true\" class=\"fas fa-mail-bulk\"><\/i>\t\t\t<\/a>\n\t\t<\/div>\n\t\t\t\t<\/div>\n\t\t\t\t<\/div>\n\t\t\t\t\t<\/div>\n\t\t<\/div>\n\t\t\t\t\t\t\t<\/div>\n\t\t<\/section>\n\t\t\t\t<section class=\"elementor-section elementor-top-section elementor-element elementor-element-4edeb7d elementor-section-boxed elementor-section-height-default elementor-section-height-default\" data-id=\"4edeb7d\" data-element_type=\"section\" data-settings=\"{&quot;background_background&quot;:&quot;classic&quot;}\">\n\t\t\t\t\t\t<div class=\"elementor-container elementor-column-gap-default\">\n\t\t\t\t\t<div class=\"elementor-column elementor-col-100 elementor-top-column elementor-element elementor-element-4a299cf\" data-id=\"4a299cf\" data-element_type=\"column\">\n\t\t\t<div class=\"elementor-widget-wrap elementor-element-populated\">\n\t\t\t\t\t\t\t\t<div class=\"elementor-element elementor-element-3b7aec7 elementor-widget elementor-widget-google_maps\" data-id=\"3b7aec7\" data-element_type=\"widget\" data-widget_type=\"google_maps.default\">\n\t\t\t\t<div class=\"elementor-widget-container\">\n\t\t\t\t\t<div class=\"elementor-custom-embed\">\n\t\t\t<iframe loading=\"lazy\"\n\t\t\t\t\tsrc=\"https:\/\/maps.google.com\/maps?q=mona%20tax&#038;t=m&#038;z=15&#038;output=embed&#038;iwloc=near\"\n\t\t\t\t\ttitle=\"mona tax\"\n\t\t\t\t\taria-label=\"mona tax\"\n\t\t\t><\/iframe>\n\t\t<\/div>\n\t\t\t\t<\/div>\n\t\t\t\t<\/div>\n\t\t\t\t\t<\/div>\n\t\t<\/div>\n\t\t\t\t\t\t\t<\/div>\n\t\t<\/section>\n\t\t\t\t\t\t\t<\/div>\n\t\t","protected":false},"excerpt":{"rendered":"<p>Powierz NamProwadzenie Ksi\u0119gowo\u015bci Twojej firmy Oferujemy Pa\u0144stwu szeroki zakres us\u0142ug ksi\u0119gowych, zar\u00f3wno prowadz\u0105c pe\u0142ne ksi\u0119gi rachunkowe jak i uproszczone formy podatkowe. Zajmujemy si\u0119 wszystkimi aspektami rachunkowo\u015bci firm i zapewniamy obs\u0142ug\u0119 kadrowo-p\u0142acow\u0105. Proponujemy swoj\u0105 pomoc zar\u00f3wno przedsi\u0119biorcom od lat dzia\u0142aj\u0105cym na rynku, jak i nowym firmom, m.in. przy ich rejestracji. W ramach naszych us\u0142ug oferujemy mi\u0119dzy [&hellip;]<\/p>\n","protected":false},"author":1,"featured_media":30,"parent":0,"menu_order":0,"comment_status":"closed","ping_status":"closed","template":"","meta":{"footnotes":""},"yoast_head":"<!-- This site is optimized with the Yoast SEO plugin v21.3 - https:\/\/yoast.com\/wordpress\/plugins\/seo\/ -->\n<title>Mona Tax Us\u0142ugi ksi\u0119gowo-szkoleniowe - monatax<\/title>\n<meta name=\"description\" content=\"Us\u0142ugi ksi\u0119gowe Jab\u0142onna, Warszawa, Legionowo, ca\u0142a Polska. Sprawozdania finansowe. Zadzwo\u0144 i poznaj Nasz\u0105 ofert\u0119 dla Twojej firmy. Tel. 796190909\" \/>\n<meta name=\"robots\" content=\"index, follow, max-snippet:-1, max-image-preview:large, max-video-preview:-1\" \/>\n<link rel=\"canonical\" href=\"https:\/\/monatax.pl\/\" \/>\n<meta property=\"og:locale\" content=\"pl_PL\" \/>\n<meta property=\"og:type\" content=\"article\" \/>\n<meta property=\"og:title\" content=\"Mona Tax Us\u0142ugi ksi\u0119gowo-szkoleniowe - monatax\" \/>\n<meta property=\"og:description\" content=\"Us\u0142ugi ksi\u0119gowe Jab\u0142onna, Warszawa, Legionowo, ca\u0142a Polska. Sprawozdania finansowe. Zadzwo\u0144 i poznaj Nasz\u0105 ofert\u0119 dla Twojej firmy. Tel. 796190909\" \/>\n<meta property=\"og:url\" content=\"https:\/\/monatax.pl\/\" \/>\n<meta property=\"og:site_name\" content=\"monatax\" \/>\n<meta property=\"article:modified_time\" content=\"2023-08-09T11:03:12+00:00\" \/>\n<meta property=\"og:image\" content=\"https:\/\/monatax.pl\/wp-content\/uploads\/2020\/10\/business-3224643_1920-1.jpg\" \/>\n\t<meta property=\"og:image:width\" content=\"1920\" \/>\n\t<meta property=\"og:image:height\" content=\"1105\" \/>\n\t<meta property=\"og:image:type\" content=\"image\/jpeg\" \/>\n<meta name=\"twitter:card\" content=\"summary_large_image\" \/>\n<meta name=\"twitter:label1\" content=\"Szacowany czas czytania\" \/>\n\t<meta name=\"twitter:data1\" content=\"1 minuta\" \/>\n<script type=\"application\/ld+json\" class=\"yoast-schema-graph\">{\"@context\":\"https:\/\/schema.org\",\"@graph\":[{\"@type\":\"WebPage\",\"@id\":\"https:\/\/monatax.pl\/\",\"url\":\"https:\/\/monatax.pl\/\",\"name\":\"Mona Tax Us\u0142ugi ksi\u0119gowo-szkoleniowe - monatax\",\"isPartOf\":{\"@id\":\"https:\/\/monatax.pl\/#website\"},\"datePublished\":\"2020-10-07T06:09:00+00:00\",\"dateModified\":\"2023-08-09T11:03:12+00:00\",\"description\":\"Us\u0142ugi ksi\u0119gowe Jab\u0142onna, Warszawa, Legionowo, ca\u0142a Polska. Sprawozdania finansowe. Zadzwo\u0144 i poznaj Nasz\u0105 ofert\u0119 dla Twojej firmy. Tel. 796190909\",\"breadcrumb\":{\"@id\":\"https:\/\/monatax.pl\/#breadcrumb\"},\"inLanguage\":\"pl-PL\",\"potentialAction\":[{\"@type\":\"ReadAction\",\"target\":[\"https:\/\/monatax.pl\/\"]}]},{\"@type\":\"BreadcrumbList\",\"@id\":\"https:\/\/monatax.pl\/#breadcrumb\",\"itemListElement\":[{\"@type\":\"ListItem\",\"position\":1,\"name\":\"Strona g\u0142\u00f3wna\",\"item\":\"https:\/\/monatax.pl\/\"},{\"@type\":\"ListItem\",\"position\":2,\"name\":\"Mona Tax Us\u0142ugi ksi\u0119gowo-szkoleniowe\"}]},{\"@type\":\"WebSite\",\"@id\":\"https:\/\/monatax.pl\/#website\",\"url\":\"https:\/\/monatax.pl\/\",\"name\":\"monatax\",\"description\":\"Us\u0142ugi ksi\u0119gowe, biuro rachunkowe, sprawozdania finansowe\",\"publisher\":{\"@id\":\"https:\/\/monatax.pl\/#organization\"},\"potentialAction\":[{\"@type\":\"SearchAction\",\"target\":{\"@type\":\"EntryPoint\",\"urlTemplate\":\"https:\/\/monatax.pl\/?s={search_term_string}\"},\"query-input\":\"required name=search_term_string\"}],\"inLanguage\":\"pl-PL\"},{\"@type\":\"Organization\",\"@id\":\"https:\/\/monatax.pl\/#organization\",\"name\":\"Mona Tax Us\u0142ugi ksi\u0119gowo-szkoleniowe Monika Wojtasik\",\"url\":\"https:\/\/monatax.pl\/\",\"logo\":{\"@type\":\"ImageObject\",\"inLanguage\":\"pl-PL\",\"@id\":\"https:\/\/monatax.pl\/#\/schema\/logo\/image\/\",\"url\":\"https:\/\/monatax.pl\/wp-content\/uploads\/2020\/10\/logo3.png\",\"contentUrl\":\"https:\/\/monatax.pl\/wp-content\/uploads\/2020\/10\/logo3.png\",\"width\":603,\"height\":225,\"caption\":\"Mona Tax Us\u0142ugi ksi\u0119gowo-szkoleniowe Monika Wojtasik\"},\"image\":{\"@id\":\"https:\/\/monatax.pl\/#\/schema\/logo\/image\/\"}}]}<\/script>\n<!-- \/ Yoast SEO plugin. -->","yoast_head_json":{"title":"Mona Tax Us\u0142ugi ksi\u0119gowo-szkoleniowe - monatax","description":"Us\u0142ugi ksi\u0119gowe Jab\u0142onna, Warszawa, Legionowo, ca\u0142a Polska. Sprawozdania finansowe. Zadzwo\u0144 i poznaj Nasz\u0105 ofert\u0119 dla Twojej firmy. Tel. 796190909","robots":{"index":"index","follow":"follow","max-snippet":"max-snippet:-1","max-image-preview":"max-image-preview:large","max-video-preview":"max-video-preview:-1"},"canonical":"https:\/\/monatax.pl\/","og_locale":"pl_PL","og_type":"article","og_title":"Mona Tax Us\u0142ugi ksi\u0119gowo-szkoleniowe - monatax","og_description":"Us\u0142ugi ksi\u0119gowe Jab\u0142onna, Warszawa, Legionowo, ca\u0142a Polska. Sprawozdania finansowe. Zadzwo\u0144 i poznaj Nasz\u0105 ofert\u0119 dla Twojej firmy. Tel. 796190909","og_url":"https:\/\/monatax.pl\/","og_site_name":"monatax","article_modified_time":"2023-08-09T11:03:12+00:00","og_image":[{"width":1920,"height":1105,"url":"https:\/\/monatax.pl\/wp-content\/uploads\/2020\/10\/business-3224643_1920-1.jpg","type":"image\/jpeg"}],"twitter_card":"summary_large_image","twitter_misc":{"Szacowany czas czytania":"1 minuta"},"schema":{"@context":"https:\/\/schema.org","@graph":[{"@type":"WebPage","@id":"https:\/\/monatax.pl\/","url":"https:\/\/monatax.pl\/","name":"Mona Tax Us\u0142ugi ksi\u0119gowo-szkoleniowe - monatax","isPartOf":{"@id":"https:\/\/monatax.pl\/#website"},"datePublished":"2020-10-07T06:09:00+00:00","dateModified":"2023-08-09T11:03:12+00:00","description":"Us\u0142ugi ksi\u0119gowe Jab\u0142onna, Warszawa, Legionowo, ca\u0142a Polska. Sprawozdania finansowe. Zadzwo\u0144 i poznaj Nasz\u0105 ofert\u0119 dla Twojej firmy. Tel. 796190909","breadcrumb":{"@id":"https:\/\/monatax.pl\/#breadcrumb"},"inLanguage":"pl-PL","potentialAction":[{"@type":"ReadAction","target":["https:\/\/monatax.pl\/"]}]},{"@type":"BreadcrumbList","@id":"https:\/\/monatax.pl\/#breadcrumb","itemListElement":[{"@type":"ListItem","position":1,"name":"Strona g\u0142\u00f3wna","item":"https:\/\/monatax.pl\/"},{"@type":"ListItem","position":2,"name":"Mona Tax Us\u0142ugi ksi\u0119gowo-szkoleniowe"}]},{"@type":"WebSite","@id":"https:\/\/monatax.pl\/#website","url":"https:\/\/monatax.pl\/","name":"monatax","description":"Us\u0142ugi ksi\u0119gowe, biuro rachunkowe, sprawozdania finansowe","publisher":{"@id":"https:\/\/monatax.pl\/#organization"},"potentialAction":[{"@type":"SearchAction","target":{"@type":"EntryPoint","urlTemplate":"https:\/\/monatax.pl\/?s={search_term_string}"},"query-input":"required name=search_term_string"}],"inLanguage":"pl-PL"},{"@type":"Organization","@id":"https:\/\/monatax.pl\/#organization","name":"Mona Tax Us\u0142ugi ksi\u0119gowo-szkoleniowe Monika Wojtasik","url":"https:\/\/monatax.pl\/","logo":{"@type":"ImageObject","inLanguage":"pl-PL","@id":"https:\/\/monatax.pl\/#\/schema\/logo\/image\/","url":"https:\/\/monatax.pl\/wp-content\/uploads\/2020\/10\/logo3.png","contentUrl":"https:\/\/monatax.pl\/wp-content\/uploads\/2020\/10\/logo3.png","width":603,"height":225,"caption":"Mona Tax Us\u0142ugi ksi\u0119gowo-szkoleniowe Monika Wojtasik"},"image":{"@id":"https:\/\/monatax.pl\/#\/schema\/logo\/image\/"}}]}},"_links":{"self":[{"href":"https:\/\/monatax.pl\/index.php\/wp-json\/wp\/v2\/pages\/18"}],"collection":[{"href":"https:\/\/monatax.pl\/index.php\/wp-json\/wp\/v2\/pages"}],"about":[{"href":"https:\/\/monatax.pl\/index.php\/wp-json\/wp\/v2\/types\/page"}],"author":[{"embeddable":true,"href":"https:\/\/monatax.pl\/index.php\/wp-json\/wp\/v2\/users\/1"}],"replies":[{"embeddable":true,"href":"https:\/\/monatax.pl\/index.php\/wp-json\/wp\/v2\/comments?post=18"}],"version-history":[{"count":40,"href":"https:\/\/monatax.pl\/index.php\/wp-json\/wp\/v2\/pages\/18\/revisions"}],"predecessor-version":[{"id":190,"href":"https:\/\/monatax.pl\/index.php\/wp-json\/wp\/v2\/pages\/18\/revisions\/190"}],"wp:featuredmedia":[{"embeddable":true,"href":"https:\/\/monatax.pl\/index.php\/wp-json\/wp\/v2\/media\/30"}],"wp:attachment":[{"href":"https:\/\/monatax.pl\/index.php\/wp-json\/wp\/v2\/media?parent=18"}],"curies":[{"name":"wp","href":"https:\/\/api.w.org\/{rel}","templated":true}]}}